{"id":1645,"date":"2017-05-05T08:35:58","date_gmt":"2017-05-05T12:35:58","guid":{"rendered":"https:\/\/www.viandeschicoine.ca\/livraison\/"},"modified":"2022-10-31T10:06:40","modified_gmt":"2022-10-31T14:06:40","slug":"delivery","status":"publish","type":"page","link":"https:\/\/www.viandeschicoine.ca\/en\/delivery\/","title":{"rendered":"Delivery"},"content":{"rendered":"[vc_row][vc_column][vc_column_text]\n<h1 style=\"text-align: center;\">EVERYTHING YOU NEED TO KNOW ABOUT DELIVERY<\/h1>\n[\/vc_column_text][\/vc_column][\/vc_row][vc_row chicoine_row=&#8221;row-1480-np-hb&#8221; css=&#8221;.vc_custom_1513709588393{padding-bottom: 40px !important;}&#8221;][vc_column][vc_column_text maxwidth_text=&#8221;960px&#8221;]At CHICOINE, we are committed to delivering superior quality meat as quickly as possible.[\/vc_column_text][\/vc_column][\/vc_row][vc_row chicoine_row=&#8221;row-1480-np-hb&#8221; css=&#8221;.vc_custom_1513709616751{padding-bottom: 40px !important;}&#8221;][vc_column][vc_column_text maxwidth_text=&#8221;960px&#8221;]\n<h2>Home delivery<\/h2>\n<p>No need to wait hours for your order ! Our meats are shipped in insulated boxes that can keep their temperature for up to 24 hours at room temperature.<\/p>\n<p>If you are not home when your order is delivered, your order will be left on your doorstep. However, no order will be left at a multi dwelling residential building or at a co-ownership building. In that case, work delivery would be preferable.[\/vc_column_text][\/vc_column][\/vc_row][vc_row chicoine_row=&#8221;row-1480-np-hb&#8221; css=&#8221;.vc_custom_1513709674796{padding-bottom: 40px !important;}&#8221;][vc_column][vc_column_text maxwidth_text=&#8221;960px&#8221;]\n<h2>Work delivery<\/h2>\n<p>Are you at work and don&#8217;t want to miss your order ? Have your order delivered directly at work with the same advantages as home delivery.[\/vc_column_text][\/vc_column][\/vc_row][vc_row chicoine_row=&#8221;row-1480-np-hb&#8221; css=&#8221;.vc_custom_1513709720108{padding-bottom: 40px !important;}&#8221;][vc_column][vc_column_text maxwidth_text=&#8221;960px&#8221;]\n<h2>Home or work delivery time<\/h2>\n<p>If you don&#8217;t specify a date for your order, it will be delivered as soon as possible on the next day deliveries are available*. When you place your order, you can also chose the desired delivery date for your order from the available options.<\/p>\n<p>* <em>Delivery days are <strong>Wednesdays and Thursdays<\/strong>. Your order must be entered before noon the day before the selected date<\/em>[\/vc_column_text][\/vc_column][\/vc_row][vc_row chicoine_row=&#8221;row-1480-np-hb&#8221; css=&#8221;.vc_custom_1513709833166{padding-bottom: 40px !important;}&#8221;][vc_column][vc_column_text maxwidth_text=&#8221;960px&#8221;]\n<h2>Delivery charges<\/h2>\n<p>Delivery charges* are as follows:<\/p>\n<ul>\n<li>Free delivery for orders over $150.00.<\/li>\n<li>$12.00 delivery charges for orders from $100.00 to $149.99.<\/li>\n<li>$25.00 delivery charges for orders $99.99 or less.<\/li>\n<\/ul>\n<p><em>* Before taxes.<\/em>[\/vc_column_text][\/vc_column][\/vc_row][vc_row chicoine_row=&#8221;row-1480-np-hb&#8221; css=&#8221;.vc_custom_1513709876739{padding-bottom: 40px !important;}&#8221;][vc_column][vc_column_text maxwidth_text=&#8221;960px&#8221;]\n<h2>Delivery territory<\/h2>\n<p>We ship anywhere in Quebec (excepted some regions. You&#8217;ll be contacted if we can&#8217;t ship to your address). If you region don&#8217;t show below or that you&#8217;re not certain, contact us et we will validate with you: support@viandeschicoine.ca<\/p>\n<ul>\n<li>Estrie<\/li>\n<li>Mont\u00e9r\u00e9gie<\/li>\n<li>Montr\u00e9al<\/li>\n<li>Laval<\/li>\n<li>Bas-Saint-Laurent<\/li>\n<li>Capitale-Nationale<\/li>\n<li>Centre-du-Qu\u00e9bec<\/li>\n<li>Chaudi\u00e8re-Appalaches<\/li>\n<li>Lanaudi\u00e8re<\/li>\n<li>Laurentides<\/li>\n<li>Mauricie<\/li>\n<li>Outaouais<\/li>\n<li>Saguenay\u2013Lac-Saint-Jean<\/li>\n<li>C\u00f4te-Nord (ex: Baie-Comeau, Port-Cartier, Sept-\u00celes, etc.). Excepted \u00cele d&#8217;Anticosti and more far regions. *Please note that delivery in this sector may take 1 additional day without affecting the condition of the meat.<\/li>\n<li>Gasp\u00e9sie (d\u00e9pend des secteurs). *Please note that delivery in this sector may take 1 additional day without affecting the condition of the meat.<\/li>\n<li>Nord-du-Qu\u00e9bec (ex: Lebel-sur-Qu\u00e9villon, Chibougamau, Chapais, etc.).<\/li>\n<li>Abitibi-T\u00e9miscamingue (ex: Val d&#8217;Or, Rouyn-Noranda, Senneterre, Amos, etc.).<\/li>\n<\/ul>\n[\/vc_column_text][\/vc_column][\/vc_row][vc_row chicoine_row=&#8221;row-1480-np-hb&#8221; css=&#8221;.vc_custom_1513709905051{padding-bottom: 40px !important;}&#8221;][vc_column][vc_column_text maxwidth_text=&#8221;960px&#8221;]\n<h2>Carrier<\/h2>\n<p>Depending on your location, our orders are shipped via our CHICOINE Driver, Purolator and other carriers.[\/vc_column_text][\/vc_column][\/vc_row][vc_row chicoine_row=&#8221;row-1480-np-hb&#8221; css=&#8221;.vc_custom_1513709943662{padding-bottom: 40px !important;}&#8221;][vc_column][vc_column_text maxwidth_text=&#8221;960px&#8221;]\n<h2>Product preservation<\/h2>\n<p>Our meats are shipped in insulated boxes that keep their temperature up to 24 hours at room temperature.[\/vc_column_text][\/vc_column][\/vc_row][vc_row chicoine_row=&#8221;row-1480-np-hb&#8221; css=&#8221;.vc_custom_1513709978711{padding-bottom: 40px !important;}&#8221;][vc_column][vc_column_text maxwidth_text=&#8221;960px&#8221;]\n<h2>Packaging<\/h2>\n<p>Orders are shipped in 100% recyclable insulated boxes with dry ice to conserve the meat for up to 24 hours. To manipulate dry ice, use gloves or tongs and throw it directly into the trash. Please avoid handling dry ice with bare hands at any time as this can cause burns.[\/vc_column_text][\/vc_column][\/vc_row][vc_row chicoine_row=&#8221;row-1480-np-hb&#8221; css=&#8221;.vc_custom_1513710582390{padding-bottom: 40px !important;}&#8221;][vc_column][vc_column_text maxwidth_text=&#8221;960px&#8221;]\n<h2>In-store pick up<\/h2>\n<p>Are you in Granby and passing by our store? Come pick up your order in store ![\/vc_column_text][\/vc_column][\/vc_row][vc_row chicoine_row=&#8221;row-1480-np-hb&#8221; css=&#8221;.vc_custom_1513710887133{padding-bottom: 40px !important;}&#8221;][vc_column][vc_column_text maxwidth_text=&#8221;960px&#8221;]\n<h2>Delay for in-store pick up<\/h2>\n<p>If you don&#8217;t specify a date for your order, it will be prepared as soon as possible on the next day when pick ups are available*. When you place your order, you can also choose your desired date from available options.<\/p>\n<p>*<em> Pickup times are from <strong>Monday through Friday, from 8:00am to noon and from 1:00pm to 5:00pm.<\/strong> You order must be placed before noon on the previous day, except for Mondays, where the order must be placed before noon the Friday before.<\/em>[\/vc_column_text][\/vc_column][\/vc_row][vc_row chicoine_row=&#8221;row-1480-np-hb&#8221; css=&#8221;.vc_custom_1513710652204{padding-bottom: 40px !important;}&#8221;][vc_column][vc_column_text maxwidth_text=&#8221;960px&#8221;]\n<h2>Pick up location<\/h2>\n<p>CHICOINE<br \/>\n434, rue Robinson Sud<br \/>\nGranby (Quebec) J2N 7N1<br \/>\n[\/vc_column_text][\/vc_column][\/vc_row]\n","protected":false},"excerpt":{"rendered":"<p>[vc_row][vc_column][vc_column_text] EVERYTHING YOU NEED TO KNOW ABOUT DELIVERY [\/vc_column_text][\/vc_column][\/vc_row][vc_row chicoine_row=&#8221;row-1480-np-hb&#8221; css=&#8221;.vc_custom_1513709588393{padding-bottom: 40px !important;}&#8221;][vc_column][vc_column_text maxwidth_text=&#8221;960px&#8221;]At CHICOINE, we are committed to delivering superior quality meat as quickly as possible.[\/vc_column_text][\/vc_column][\/vc_row][vc_row chicoine_row=&#8221;row-1480-np-hb&#8221; css=&#8221;.vc_custom_1513709616751{padding-bottom: 40px !important;}&#8221;][vc_column][vc_column_text maxwidth_text=&#8221;960px&#8221;] Home delivery No need to wait hours for your order ! Our meats are shipped in insulated boxes that can keep their temperature [&hellip;]<\/p>\n","protected":false},"author":1,"featured_media":0,"parent":0,"menu_order":88,"comment_status":"closed","ping_status":"closed","template":"","meta":{"_acf_changed":false,"footnotes":""},"class_list":["post-1645","page","type-page","status-publish","hentry"],"acf":[],"yoast_head":"<!-- This site is optimized with the Yoast SEO plugin v26.5 - https:\/\/yoast.com\/wordpress\/plugins\/seo\/ -->\n<title>Delivery - CHICOINE<\/title>\n<meta name=\"robots\" content=\"index, follow, max-snippet:-1, max-image-preview:large, max-video-preview:-1\" \/>\n<link rel=\"canonical\" href=\"https:\/\/www.viandeschicoine.ca\/en\/delivery\/\" \/>\n<meta property=\"og:locale\" content=\"en_US\" \/>\n<meta property=\"og:type\" content=\"article\" \/>\n<meta property=\"og:title\" content=\"Delivery - CHICOINE\" \/>\n<meta property=\"og:description\" content=\"[vc_row][vc_column][vc_column_text] EVERYTHING YOU NEED TO KNOW ABOUT DELIVERY [\/vc_column_text][\/vc_column][\/vc_row][vc_row chicoine_row=&#8221;row-1480-np-hb&#8221; css=&#8221;.vc_custom_1513709588393{padding-bottom: 40px !important;}&#8221;][vc_column][vc_column_text maxwidth_text=&#8221;960px&#8221;]At CHICOINE, we are committed to delivering superior quality meat as quickly as possible.[\/vc_column_text][\/vc_column][\/vc_row][vc_row chicoine_row=&#8221;row-1480-np-hb&#8221; css=&#8221;.vc_custom_1513709616751{padding-bottom: 40px !important;}&#8221;][vc_column][vc_column_text maxwidth_text=&#8221;960px&#8221;] Home delivery No need to wait hours for your order ! Our meats are shipped in insulated boxes that can keep their temperature [&hellip;]\" \/>\n<meta property=\"og:url\" content=\"https:\/\/www.viandeschicoine.ca\/en\/delivery\/\" \/>\n<meta property=\"og:site_name\" content=\"CHICOINE\" \/>\n<meta property=\"article:publisher\" content=\"https:\/\/www.facebook.com\/viandeschicoine\" \/>\n<meta property=\"article:modified_time\" content=\"2022-10-31T14:06:40+00:00\" \/>\n<meta property=\"og:image\" content=\"https:\/\/www.viandeschicoine.ca\/wp-content\/uploads\/2018\/01\/PartageFacebook.jpg\" \/>\n\t<meta property=\"og:image:width\" content=\"1200\" \/>\n\t<meta property=\"og:image:height\" content=\"603\" \/>\n\t<meta property=\"og:image:type\" content=\"image\/jpeg\" \/>\n<meta name=\"twitter:card\" content=\"summary_large_image\" \/>\n<meta name=\"twitter:label1\" content=\"Est. reading time\" \/>\n\t<meta name=\"twitter:data1\" content=\"4 minutes\" \/>\n<script type=\"application\/ld+json\" class=\"yoast-schema-graph\">{\"@context\":\"https:\/\/schema.org\",\"@graph\":[{\"@type\":\"WebPage\",\"@id\":\"https:\/\/www.viandeschicoine.ca\/en\/delivery\/\",\"url\":\"https:\/\/www.viandeschicoine.ca\/en\/delivery\/\",\"name\":\"Delivery - CHICOINE\",\"isPartOf\":{\"@id\":\"https:\/\/www.viandeschicoine.ca\/#website\"},\"datePublished\":\"2017-05-05T12:35:58+00:00\",\"dateModified\":\"2022-10-31T14:06:40+00:00\",\"breadcrumb\":{\"@id\":\"https:\/\/www.viandeschicoine.ca\/en\/delivery\/#breadcrumb\"},\"inLanguage\":\"en-US\",\"potentialAction\":[{\"@type\":\"ReadAction\",\"target\":[\"https:\/\/www.viandeschicoine.ca\/en\/delivery\/\"]}]},{\"@type\":\"BreadcrumbList\",\"@id\":\"https:\/\/www.viandeschicoine.ca\/en\/delivery\/#breadcrumb\",\"itemListElement\":[{\"@type\":\"ListItem\",\"position\":1,\"name\":\"Accueil\",\"item\":\"https:\/\/www.viandeschicoine.ca\/en\/\"},{\"@type\":\"ListItem\",\"position\":2,\"name\":\"Delivery\"}]},{\"@type\":\"WebSite\",\"@id\":\"https:\/\/www.viandeschicoine.ca\/#website\",\"url\":\"https:\/\/www.viandeschicoine.ca\/\",\"name\":\"Viandes Chicoine\",\"description\":\"QUALITY, FROM OUR FAMILY TO YOURS\",\"publisher\":{\"@id\":\"https:\/\/www.viandeschicoine.ca\/#organization\"},\"potentialAction\":[{\"@type\":\"SearchAction\",\"target\":{\"@type\":\"EntryPoint\",\"urlTemplate\":\"https:\/\/www.viandeschicoine.ca\/?s={search_term_string}\"},\"query-input\":{\"@type\":\"PropertyValueSpecification\",\"valueRequired\":true,\"valueName\":\"search_term_string\"}}],\"inLanguage\":\"en-US\"},{\"@type\":\"Organization\",\"@id\":\"https:\/\/www.viandeschicoine.ca\/#organization\",\"name\":\"Viandes Chicoine\",\"url\":\"https:\/\/www.viandeschicoine.ca\/\",\"logo\":{\"@type\":\"ImageObject\",\"inLanguage\":\"en-US\",\"@id\":\"https:\/\/www.viandeschicoine.ca\/#\/schema\/logo\/image\/\",\"url\":\"https:\/\/www.viandeschicoine.ca\/wp-content\/uploads\/2017\/11\/Chicoine-logo.png\",\"contentUrl\":\"https:\/\/www.viandeschicoine.ca\/wp-content\/uploads\/2017\/11\/Chicoine-logo.png\",\"width\":312,\"height\":48,\"caption\":\"Viandes Chicoine\"},\"image\":{\"@id\":\"https:\/\/www.viandeschicoine.ca\/#\/schema\/logo\/image\/\"},\"sameAs\":[\"https:\/\/www.facebook.com\/viandeschicoine\",\"https:\/\/www.instagram.com\/viandes_chicoine\/\",\"https:\/\/www.youtube.com\/channel\/UCp13egG7Js95ROyhDiFwImw\"]}]}<\/script>\n<!-- \/ Yoast SEO plugin. -->","yoast_head_json":{"title":"Delivery - CHICOINE","robots":{"index":"index","follow":"follow","max-snippet":"max-snippet:-1","max-image-preview":"max-image-preview:large","max-video-preview":"max-video-preview:-1"},"canonical":"https:\/\/www.viandeschicoine.ca\/en\/delivery\/","og_locale":"en_US","og_type":"article","og_title":"Delivery - CHICOINE","og_description":"[vc_row][vc_column][vc_column_text] EVERYTHING YOU NEED TO KNOW ABOUT DELIVERY [\/vc_column_text][\/vc_column][\/vc_row][vc_row chicoine_row=&#8221;row-1480-np-hb&#8221; css=&#8221;.vc_custom_1513709588393{padding-bottom: 40px !important;}&#8221;][vc_column][vc_column_text maxwidth_text=&#8221;960px&#8221;]At CHICOINE, we are committed to delivering superior quality meat as quickly as possible.[\/vc_column_text][\/vc_column][\/vc_row][vc_row chicoine_row=&#8221;row-1480-np-hb&#8221; css=&#8221;.vc_custom_1513709616751{padding-bottom: 40px !important;}&#8221;][vc_column][vc_column_text maxwidth_text=&#8221;960px&#8221;] Home delivery No need to wait hours for your order ! Our meats are shipped in insulated boxes that can keep their temperature [&hellip;]","og_url":"https:\/\/www.viandeschicoine.ca\/en\/delivery\/","og_site_name":"CHICOINE","article_publisher":"https:\/\/www.facebook.com\/viandeschicoine","article_modified_time":"2022-10-31T14:06:40+00:00","og_image":[{"width":1200,"height":603,"url":"https:\/\/www.viandeschicoine.ca\/wp-content\/uploads\/2018\/01\/PartageFacebook.jpg","type":"image\/jpeg"}],"twitter_card":"summary_large_image","twitter_misc":{"Est. reading time":"4 minutes"},"schema":{"@context":"https:\/\/schema.org","@graph":[{"@type":"WebPage","@id":"https:\/\/www.viandeschicoine.ca\/en\/delivery\/","url":"https:\/\/www.viandeschicoine.ca\/en\/delivery\/","name":"Delivery - CHICOINE","isPartOf":{"@id":"https:\/\/www.viandeschicoine.ca\/#website"},"datePublished":"2017-05-05T12:35:58+00:00","dateModified":"2022-10-31T14:06:40+00:00","breadcrumb":{"@id":"https:\/\/www.viandeschicoine.ca\/en\/delivery\/#breadcrumb"},"inLanguage":"en-US","potentialAction":[{"@type":"ReadAction","target":["https:\/\/www.viandeschicoine.ca\/en\/delivery\/"]}]},{"@type":"BreadcrumbList","@id":"https:\/\/www.viandeschicoine.ca\/en\/delivery\/#breadcrumb","itemListElement":[{"@type":"ListItem","position":1,"name":"Accueil","item":"https:\/\/www.viandeschicoine.ca\/en\/"},{"@type":"ListItem","position":2,"name":"Delivery"}]},{"@type":"WebSite","@id":"https:\/\/www.viandeschicoine.ca\/#website","url":"https:\/\/www.viandeschicoine.ca\/","name":"Viandes Chicoine","description":"QUALITY, FROM OUR FAMILY TO YOURS","publisher":{"@id":"https:\/\/www.viandeschicoine.ca\/#organization"},"potentialAction":[{"@type":"SearchAction","target":{"@type":"EntryPoint","urlTemplate":"https:\/\/www.viandeschicoine.ca\/?s={search_term_string}"},"query-input":{"@type":"PropertyValueSpecification","valueRequired":true,"valueName":"search_term_string"}}],"inLanguage":"en-US"},{"@type":"Organization","@id":"https:\/\/www.viandeschicoine.ca\/#organization","name":"Viandes Chicoine","url":"https:\/\/www.viandeschicoine.ca\/","logo":{"@type":"ImageObject","inLanguage":"en-US","@id":"https:\/\/www.viandeschicoine.ca\/#\/schema\/logo\/image\/","url":"https:\/\/www.viandeschicoine.ca\/wp-content\/uploads\/2017\/11\/Chicoine-logo.png","contentUrl":"https:\/\/www.viandeschicoine.ca\/wp-content\/uploads\/2017\/11\/Chicoine-logo.png","width":312,"height":48,"caption":"Viandes Chicoine"},"image":{"@id":"https:\/\/www.viandeschicoine.ca\/#\/schema\/logo\/image\/"},"sameAs":["https:\/\/www.facebook.com\/viandeschicoine","https:\/\/www.instagram.com\/viandes_chicoine\/","https:\/\/www.youtube.com\/channel\/UCp13egG7Js95ROyhDiFwImw"]}]}},"_links":{"self":[{"href":"https:\/\/www.viandeschicoine.ca\/en\/wp-json\/wp\/v2\/pages\/1645","targetHints":{"allow":["GET"]}}],"collection":[{"href":"https:\/\/www.viandeschicoine.ca\/en\/wp-json\/wp\/v2\/pages"}],"about":[{"href":"https:\/\/www.viandeschicoine.ca\/en\/wp-json\/wp\/v2\/types\/page"}],"author":[{"embeddable":true,"href":"https:\/\/www.viandeschicoine.ca\/en\/wp-json\/wp\/v2\/users\/1"}],"replies":[{"embeddable":true,"href":"https:\/\/www.viandeschicoine.ca\/en\/wp-json\/wp\/v2\/comments?post=1645"}],"version-history":[{"count":2,"href":"https:\/\/www.viandeschicoine.ca\/en\/wp-json\/wp\/v2\/pages\/1645\/revisions"}],"predecessor-version":[{"id":80782,"href":"https:\/\/www.viandeschicoine.ca\/en\/wp-json\/wp\/v2\/pages\/1645\/revisions\/80782"}],"wp:attachment":[{"href":"https:\/\/www.viandeschicoine.ca\/en\/wp-json\/wp\/v2\/media?parent=1645"}],"curies":[{"name":"wp","href":"https:\/\/api.w.org\/{rel}","templated":true}]}}